{"id":57,"date":"2025-11-21T14:24:54","date_gmt":"2025-11-21T14:24:54","guid":{"rendered":"http:\/\/massotherapiemarseille.fr\/?page_id=57"},"modified":"2026-02-02T15:47:11","modified_gmt":"2026-02-02T15:47:11","slug":"cabinet","status":"publish","type":"page","link":"https:\/\/massotherapiemarseille.fr\/index.php\/cabinet\/","title":{"rendered":"Le lieu"},"content":{"rendered":"\n<p>Je re\u00e7ois en centre ville \u00e0 Marseille chez <a href=\"https:\/\/www.jesuisio.com\/\"><strong>I\u00f3<\/strong><\/a> | centre contemporain de bien-\u00eatre :<br><br> 77 cours Pierre Pujet | m\u00e9tro M1 Estrangin &#8211; Pr\u00e9fecture<br><\/p>\n\n\n<div class=\"wp-block-image\">\n<figure class=\"aligncenter is-resized\"><a href=\"https:\/\/www.jesuisio.com\/equipe\/delphine-jarriges\/\"><img loading=\"lazy\" decoding=\"async\" width=\"960\" height=\"960\" src=\"https:\/\/massotherapiemarseille.fr\/wp-content\/uploads\/2025\/12\/io_2024_1080.png\" alt=\"\" class=\"wp-image-130\" style=\"width:225px;height:auto\" srcset=\"https:\/\/massotherapiemarseille.fr\/wp-content\/uploads\/2025\/12\/io_2024_1080.png 960w, https:\/\/massotherapiemarseille.fr\/wp-content\/uploads\/2025\/12\/io_2024_1080-300x300.png 300w, https:\/\/massotherapiemarseille.fr\/wp-content\/uploads\/2025\/12\/io_2024_1080-150x150.png 150w, https:\/\/massotherapiemarseille.fr\/wp-content\/uploads\/2025\/12\/io_2024_1080-768x768.png 768w, https:\/\/massotherapiemarseille.fr\/wp-content\/uploads\/2025\/12\/io_2024_1080-100x100.png 100w\" sizes=\"auto, (max-width: 767px) 89vw, (max-width: 1000px) 54vw, (max-width: 1071px) 543px, 580px\" \/><\/a><\/figure>\n<\/div>\n\n<div class=\"wp-block-image\">\n<figure class=\"aligncenter is-resized\"><img loading=\"lazy\" decoding=\"async\" width=\"1280\" height=\"853\" src=\"http:\/\/massotherapiemarseille.fr\/wp-content\/uploads\/2025\/12\/MGM2075.jpeg\" alt=\"\" class=\"wp-image-137\" style=\"aspect-ratio:1.5005926149391922;width:517px;height:auto\" srcset=\"https:\/\/massotherapiemarseille.fr\/wp-content\/uploads\/2025\/12\/MGM2075.jpeg 1280w, https:\/\/massotherapiemarseille.fr\/wp-content\/uploads\/2025\/12\/MGM2075-300x200.jpeg 300w, https:\/\/massotherapiemarseille.fr\/wp-content\/uploads\/2025\/12\/MGM2075-1024x682.jpeg 1024w, https:\/\/massotherapiemarseille.fr\/wp-content\/uploads\/2025\/12\/MGM2075-768x512.jpeg 768w\" sizes=\"auto, (max-width: 767px) 89vw, (max-width: 1000px) 54vw, (max-width: 1071px) 543px, 580px\" \/><\/figure>\n<\/div>\n\n<div class=\"wp-block-image\">\n<figure class=\"aligncenter is-resized\"><img loading=\"lazy\" decoding=\"async\" width=\"1280\" height=\"853\" src=\"http:\/\/massotherapiemarseille.fr\/wp-content\/uploads\/2025\/12\/Salon_MGL1617-copie.jpeg\" alt=\"\" class=\"wp-image-139\" style=\"aspect-ratio:1.5005926149391922;width:526px;height:auto\" srcset=\"https:\/\/massotherapiemarseille.fr\/wp-content\/uploads\/2025\/12\/Salon_MGL1617-copie.jpeg 1280w, https:\/\/massotherapiemarseille.fr\/wp-content\/uploads\/2025\/12\/Salon_MGL1617-copie-300x200.jpeg 300w, https:\/\/massotherapiemarseille.fr\/wp-content\/uploads\/2025\/12\/Salon_MGL1617-copie-1024x682.jpeg 1024w, https:\/\/massotherapiemarseille.fr\/wp-content\/uploads\/2025\/12\/Salon_MGL1617-copie-768x512.jpeg 768w\" sizes=\"auto, (max-width: 767px) 89vw, (max-width: 1000px) 54vw, (max-width: 1071px) 543px, 580px\" \/><\/figure>\n<\/div>\n\n\n<p class=\"has-text-align-center\"><br>\u25cf <strong>R\u00e9server un rendez-vous sur Planity<\/strong> :<\/p>\n\n\n<div class=\"wp-block-image\">\n<figure class=\"aligncenter is-resized\"><a href=\"https:\/\/www.planity.com\/io-sport-bien-etre-13006-marseille\"><img loading=\"lazy\" decoding=\"async\" width=\"318\" height=\"159\" src=\"https:\/\/massotherapiemarseille.fr\/wp-content\/uploads\/2025\/12\/planity.png\" alt=\"\" class=\"wp-image-131\" style=\"width:386px;height:auto\" srcset=\"https:\/\/massotherapiemarseille.fr\/wp-content\/uploads\/2025\/12\/planity.png 318w, https:\/\/massotherapiemarseille.fr\/wp-content\/uploads\/2025\/12\/planity-300x150.png 300w\" sizes=\"auto, (max-width: 318px) 100vw, 318px\" \/><\/a><\/figure>\n<\/div>\n\n\n<p><\/p>\n","protected":false},"excerpt":{"rendered":"<p>Je re\u00e7ois en centre ville \u00e0 Marseille chez I\u00f3 | centre contemporain de bien-\u00eatre : 77 cours Pierre Pujet | m\u00e9tro M1 Estrangin &#8211; Pr\u00e9fecture \u25cf R\u00e9server un rendez-vous sur Planity :<\/p>\n","protected":false},"author":1,"featured_media":58,"parent":0,"menu_order":0,"comment_status":"closed","ping_status":"closed","template":"","meta":{"footnotes":""},"class_list":["post-57","page","type-page","status-publish","has-post-thumbnail","hentry"],"_links":{"self":[{"href":"https:\/\/massotherapiemarseille.fr\/index.php\/wp-json\/wp\/v2\/pages\/57","targetHints":{"allow":["GET"]}}],"collection":[{"href":"https:\/\/massotherapiemarseille.fr\/index.php\/wp-json\/wp\/v2\/pages"}],"about":[{"href":"https:\/\/massotherapiemarseille.fr\/index.php\/wp-json\/wp\/v2\/types\/page"}],"author":[{"embeddable":true,"href":"https:\/\/massotherapiemarseille.fr\/index.php\/wp-json\/wp\/v2\/users\/1"}],"replies":[{"embeddable":true,"href":"https:\/\/massotherapiemarseille.fr\/index.php\/wp-json\/wp\/v2\/comments?post=57"}],"version-history":[{"count":17,"href":"https:\/\/massotherapiemarseille.fr\/index.php\/wp-json\/wp\/v2\/pages\/57\/revisions"}],"predecessor-version":[{"id":170,"href":"https:\/\/massotherapiemarseille.fr\/index.php\/wp-json\/wp\/v2\/pages\/57\/revisions\/170"}],"wp:featuredmedia":[{"embeddable":true,"href":"https:\/\/massotherapiemarseille.fr\/index.php\/wp-json\/wp\/v2\/media\/58"}],"wp:attachment":[{"href":"https:\/\/massotherapiemarseille.fr\/index.php\/wp-json\/wp\/v2\/media?parent=57"}],"curies":[{"name":"wp","href":"https:\/\/api.w.org\/{rel}","templated":true}]}}